{"id":7,"date":"2021-02-03T01:05:40","date_gmt":"2021-02-03T01:05:40","guid":{"rendered":"https:\/\/sbcta-pr.org.br\/?page_id=7"},"modified":"2023-02-12T18:06:57","modified_gmt":"2023-02-12T18:06:57","slug":"contato","status":"publish","type":"page","link":"https:\/\/sbcta-pr.org.br\/?page_id=7","title":{"rendered":"Revista Food Science and Technology"},"content":{"rendered":"\n<p>Voc\u00ea sabia que a SBCTA publica um peri\u00f3dico (revista cient\u00edfica) da \u00e1rea de alimentos? <\/p>\n\n\n\n<p>O peri\u00f3dico &#8220;Food Science and Technology&#8221;, anteriormente denominado Ci\u00eancia e Tecnologia de Alimentos, publica artigos originais e de revis\u00e3o dedicados \u00e0 \u00e1rea de alimentos. O formato de publica\u00e7\u00e3o \u00e9 &#8220;Open Access&#8221; ou acesso aberto, sendo que os s\u00f3cios e as s\u00f3cias da SBCTA t\u00eam descontos exclusivos na taxa de publica\u00e7\u00e3o. <\/p>\n\n\n\n<p>A &#8220;Food Science and Technology&#8221; tamb\u00e9m \u00e9 cadastrada na base de dados JCR, sendo seu fator de impacto atual de 2,6. <\/p>\n\n\n\n<p>Submeta agora mesmo seu artigo \u00e0 &#8220;Food Science and Technology&#8221; clicando no link abaixo:<\/p>\n\n\n\n<p><a rel=\"noreferrer noopener\" href=\"https:\/\/www.scielo.br\/j\/cta\/\" target=\"_blank\">https:\/\/www.scielo.br\/j\/cta\/<\/a>  <\/p>\n","protected":false},"excerpt":{"rendered":"<p>Voc\u00ea sabia que a SBCTA publica um peri\u00f3dico (revista cient\u00edfica) da \u00e1rea de alimentos? O peri\u00f3dico &#8220;Food Science and Technology&#8221;, anteriormente denominado Ci\u00eancia e Tecnologia de Alimentos, publica artigos originais e de revis\u00e3o dedicados \u00e0 \u00e1rea de alimentos. O formato de publica\u00e7\u00e3o \u00e9 &#8220;Open Access&#8221; ou acesso aberto, sendo que os s\u00f3cios e as s\u00f3cias&hellip; <a class=\"more-link\" href=\"https:\/\/sbcta-pr.org.br\/?page_id=7\">Continuar lendo <span class=\"screen-reader-text\">Revista Food Science and Technology<\/span><\/a><\/p>\n","protected":false},"author":1,"featured_media":0,"parent":0,"menu_order":0,"comment_status":"closed","ping_status":"closed","template":"","meta":{"_links_to":"","_links_to_target":""},"_links":{"self":[{"href":"https:\/\/sbcta-pr.org.br\/index.php?rest_route=\/wp\/v2\/pages\/7"}],"collection":[{"href":"https:\/\/sbcta-pr.org.br\/index.php?rest_route=\/wp\/v2\/pages"}],"about":[{"href":"https:\/\/sbcta-pr.org.br\/index.php?rest_route=\/wp\/v2\/types\/page"}],"author":[{"embeddable":true,"href":"https:\/\/sbcta-pr.org.br\/index.php?rest_route=\/wp\/v2\/users\/1"}],"replies":[{"embeddable":true,"href":"https:\/\/sbcta-pr.org.br\/index.php?rest_route=%2Fwp%2Fv2%2Fcomments&post=7"}],"version-history":[{"count":9,"href":"https:\/\/sbcta-pr.org.br\/index.php?rest_route=\/wp\/v2\/pages\/7\/revisions"}],"predecessor-version":[{"id":172,"href":"https:\/\/sbcta-pr.org.br\/index.php?rest_route=\/wp\/v2\/pages\/7\/revisions\/172"}],"wp:attachment":[{"href":"https:\/\/sbcta-pr.org.br\/index.php?rest_route=%2Fwp%2Fv2%2Fmedia&parent=7"}],"curies":[{"name":"wp","href":"https:\/\/api.w.org\/{rel}","templated":true}]}}