{"id":217,"date":"2023-06-27T18:01:50","date_gmt":"2023-06-27T18:01:50","guid":{"rendered":"https:\/\/sbcta-pr.org.br\/?page_id=217"},"modified":"2023-06-27T18:04:40","modified_gmt":"2023-06-27T18:04:40","slug":"anos-anteriores","status":"publish","type":"page","link":"https:\/\/sbcta-pr.org.br\/?page_id=217","title":{"rendered":"ERSCTA (anos anteriores)"},"content":{"rendered":"\n<p>Seguem abaixo links para os Anais de edi\u00e7\u00f5es anteriores do ERSCTA:<\/p>\n\n\n\n<p><a href=\"https:\/\/www.even3.com.br\/anais\/xvierscta2021\/\">Anais do XVI Encontro Regional Sul de Ci\u00eancia e Tecnologia de Alimentos | Even3 Publica\u00e7\u00f5es<\/a><\/p>\n","protected":false},"excerpt":{"rendered":"<p>Seguem abaixo links para os Anais de edi\u00e7\u00f5es anteriores do ERSCTA: Anais do XVI Encontro Regional Sul de Ci\u00eancia e Tecnologia de Alimentos | Even3 Publica\u00e7\u00f5es<\/p>\n","protected":false},"author":1,"featured_media":0,"parent":0,"menu_order":0,"comment_status":"closed","ping_status":"closed","template":"","meta":{"_links_to":"","_links_to_target":""},"_links":{"self":[{"href":"https:\/\/sbcta-pr.org.br\/index.php?rest_route=\/wp\/v2\/pages\/217"}],"collection":[{"href":"https:\/\/sbcta-pr.org.br\/index.php?rest_route=\/wp\/v2\/pages"}],"about":[{"href":"https:\/\/sbcta-pr.org.br\/index.php?rest_route=\/wp\/v2\/types\/page"}],"author":[{"embeddable":true,"href":"https:\/\/sbcta-pr.org.br\/index.php?rest_route=\/wp\/v2\/users\/1"}],"replies":[{"embeddable":true,"href":"https:\/\/sbcta-pr.org.br\/index.php?rest_route=%2Fwp%2Fv2%2Fcomments&post=217"}],"version-history":[{"count":3,"href":"https:\/\/sbcta-pr.org.br\/index.php?rest_route=\/wp\/v2\/pages\/217\/revisions"}],"predecessor-version":[{"id":224,"href":"https:\/\/sbcta-pr.org.br\/index.php?rest_route=\/wp\/v2\/pages\/217\/revisions\/224"}],"wp:attachment":[{"href":"https:\/\/sbcta-pr.org.br\/index.php?rest_route=%2Fwp%2Fv2%2Fmedia&parent=217"}],"curies":[{"name":"wp","href":"https:\/\/api.w.org\/{rel}","templated":true}]}}