{"id":193,"date":"2023-06-21T19:28:02","date_gmt":"2023-06-21T19:28:02","guid":{"rendered":"https:\/\/sbcta-pr.org.br\/?page_id=193"},"modified":"2023-06-21T19:28:02","modified_gmt":"2023-06-21T19:28:02","slug":"sobre-nos","status":"publish","type":"page","link":"https:\/\/sbcta-pr.org.br\/?page_id=193","title":{"rendered":"Sobre n\u00f3s"},"content":{"rendered":"\n<p>A Sociedade Brasileira de Ci\u00eancia e Tecnologia de Alimentos &#8211; Regional Paran\u00e1 \u00e9 uma sociedade multiprofissional, sem fins lucrativos, que tem por objetivo promover o avan\u00e7o da pesquisa e do desenvolvimento na \u00e1rea de alimentos no Paran\u00e1 e estimular o progresso profissional dos estudantes, professores, t\u00e9cnicos, pesquisadores e demais profissionais da \u00e1rea. A SBCTA-PR convida aos envolvidos e \u00e0s envolvidas com a \u00e1rea de alimentos do estado do Paran\u00e1 a se associarem, passando a fazer parte desta rede de coopera\u00e7\u00e3o e representatividade que \u00e9 refer\u00eancia na \u00e1rea.<\/p>\n","protected":false},"excerpt":{"rendered":"<p>A Sociedade Brasileira de Ci\u00eancia e Tecnologia de Alimentos &#8211; Regional Paran\u00e1 \u00e9 uma sociedade multiprofissional, sem fins lucrativos, que tem por objetivo promover o avan\u00e7o da pesquisa e do desenvolvimento na \u00e1rea de alimentos no Paran\u00e1 e estimular o progresso profissional dos estudantes, professores, t\u00e9cnicos, pesquisadores e demais profissionais da \u00e1rea. A SBCTA-PR convida&hellip; <a class=\"more-link\" href=\"https:\/\/sbcta-pr.org.br\/?page_id=193\">Continuar lendo <span class=\"screen-reader-text\">Sobre n\u00f3s<\/span><\/a><\/p>\n","protected":false},"author":1,"featured_media":0,"parent":0,"menu_order":0,"comment_status":"closed","ping_status":"closed","template":"","meta":{"_links_to":"","_links_to_target":""},"_links":{"self":[{"href":"https:\/\/sbcta-pr.org.br\/index.php?rest_route=\/wp\/v2\/pages\/193"}],"collection":[{"href":"https:\/\/sbcta-pr.org.br\/index.php?rest_route=\/wp\/v2\/pages"}],"about":[{"href":"https:\/\/sbcta-pr.org.br\/index.php?rest_route=\/wp\/v2\/types\/page"}],"author":[{"embeddable":true,"href":"https:\/\/sbcta-pr.org.br\/index.php?rest_route=\/wp\/v2\/users\/1"}],"replies":[{"embeddable":true,"href":"https:\/\/sbcta-pr.org.br\/index.php?rest_route=%2Fwp%2Fv2%2Fcomments&post=193"}],"version-history":[{"count":2,"href":"https:\/\/sbcta-pr.org.br\/index.php?rest_route=\/wp\/v2\/pages\/193\/revisions"}],"predecessor-version":[{"id":196,"href":"https:\/\/sbcta-pr.org.br\/index.php?rest_route=\/wp\/v2\/pages\/193\/revisions\/196"}],"wp:attachment":[{"href":"https:\/\/sbcta-pr.org.br\/index.php?rest_route=%2Fwp%2Fv2%2Fmedia&parent=193"}],"curies":[{"name":"wp","href":"https:\/\/api.w.org\/{rel}","templated":true}]}}