{"id":153,"date":"2022-10-05T19:44:02","date_gmt":"2022-10-05T19:44:02","guid":{"rendered":"https:\/\/sbcta-pr.org.br\/?page_id=153"},"modified":"2023-06-27T18:04:13","modified_gmt":"2023-06-27T18:04:13","slug":"nota-de-pesar","status":"publish","type":"page","link":"https:\/\/sbcta-pr.org.br\/?page_id=153","title":{"rendered":"ERSCTA"},"content":{"rendered":"\n<p>A cada bi\u00eanio, a SBCTA-PR promove o <em>Encontro Regional Sul de Ci\u00eancia e Tecnologia de Alimentos<\/em>.<\/p>\n\n\n\n<p><em><strong>XVII ERSCTA<\/strong> <strong>(2023)<\/strong><\/em><\/p>\n\n\n\n<p>O&nbsp;<em>XVII Encontro Regional Sul de Ci\u00eancia e Tecnologia de Alimentos<\/em>&nbsp;ser\u00e1 realizado em conjunto com o <em>Encontro do Programa de P\u00f3s-Gradua\u00e7\u00e3o em Engenharia de Alimentos<\/em>, nos dias 09, 10 e 11 de outubro de 2023, de forma presencial em Curitiba-PR, com o tema &#8220;\u00c1gua e alimento: avan\u00e7os no caminho da acessibilidade e sustentabilidade&#8221;.&nbsp;<\/p>\n\n\n\n<p>O evento ter\u00e1 em sua programa\u00e7\u00e3o palestras envolvendo temas atuais relacionados \u00e0 Ci\u00eancia, Tecnologia e Engenharia de Alimentos, al\u00e9m de receber trabalhos no formato de artigo, com apresenta\u00e7\u00f5es orais e p\u00f4steres.<\/p>\n\n\n\n<p>Convidamos todos e todas a se inscreverem, clicando no link:<\/p>\n\n\n\n<p><a href=\"https:\/\/www.even3.com.br\/xviierscta-epeal2023\/\">https:\/\/www.even3.com.br\/xviierscta-epeal2023\/<\/a> <\/p>\n","protected":false},"excerpt":{"rendered":"<p>A cada bi\u00eanio, a SBCTA-PR promove o Encontro Regional Sul de Ci\u00eancia e Tecnologia de Alimentos. XVII ERSCTA (2023) O&nbsp;XVII Encontro Regional Sul de Ci\u00eancia e Tecnologia de Alimentos&nbsp;ser\u00e1 realizado em conjunto com o Encontro do Programa de P\u00f3s-Gradua\u00e7\u00e3o em Engenharia de Alimentos, nos dias 09, 10 e 11 de outubro de 2023, de forma&hellip; <a class=\"more-link\" href=\"https:\/\/sbcta-pr.org.br\/?page_id=153\">Continuar lendo <span class=\"screen-reader-text\">ERSCTA<\/span><\/a><\/p>\n","protected":false},"author":1,"featured_media":0,"parent":0,"menu_order":0,"comment_status":"closed","ping_status":"closed","template":"","meta":{"_links_to":"","_links_to_target":""},"_links":{"self":[{"href":"https:\/\/sbcta-pr.org.br\/index.php?rest_route=\/wp\/v2\/pages\/153"}],"collection":[{"href":"https:\/\/sbcta-pr.org.br\/index.php?rest_route=\/wp\/v2\/pages"}],"about":[{"href":"https:\/\/sbcta-pr.org.br\/index.php?rest_route=\/wp\/v2\/types\/page"}],"author":[{"embeddable":true,"href":"https:\/\/sbcta-pr.org.br\/index.php?rest_route=\/wp\/v2\/users\/1"}],"replies":[{"embeddable":true,"href":"https:\/\/sbcta-pr.org.br\/index.php?rest_route=%2Fwp%2Fv2%2Fcomments&post=153"}],"version-history":[{"count":9,"href":"https:\/\/sbcta-pr.org.br\/index.php?rest_route=\/wp\/v2\/pages\/153\/revisions"}],"predecessor-version":[{"id":223,"href":"https:\/\/sbcta-pr.org.br\/index.php?rest_route=\/wp\/v2\/pages\/153\/revisions\/223"}],"wp:attachment":[{"href":"https:\/\/sbcta-pr.org.br\/index.php?rest_route=%2Fwp%2Fv2%2Fmedia&parent=153"}],"curies":[{"name":"wp","href":"https:\/\/api.w.org\/{rel}","templated":true}]}}